{"id":4832,"date":"2017-05-18T10:10:49","date_gmt":"2017-05-18T08:10:49","guid":{"rendered":"http:\/\/www.uvetviaggi.com\/?page_id=4832"},"modified":"2022-02-14T12:50:24","modified_gmt":"2022-02-14T11:50:24","slug":"privacy-e-cookies","status":"publish","type":"page","link":"https:\/\/uvetviaggi.com\/index.php\/privacy-e-cookies\/","title":{"rendered":"Privacy e Cookies"},"content":{"rendered":"<div class=\"wpb-content-wrapper\"><p>[vc_row][vc_column][vc_column_text]<\/p>\n<h3 class=\"p1\"><strong><span class=\"s1\">Utilizzo cookies tecnici<\/span><\/strong><\/h3>\n<p class=\"p1\">I cookie sono informazioni inviate da un web server (es. il sito) al browser Internet dell\u2019utente, da quest\u2019ultimo memorizzati automaticamente sul computer e rinviati automaticamente al server a ogni successivo accesso al sito.\u00a0 Quasi tutti i browser\u00a0 sono impostati per accettare automaticamente i cookie.<\/p>\n<p class=\"p1\">Il sito web non utilizza cookie per trasmettere informazioni di carattere personale.<\/p>\n<p class=\"p1\">L\u2019uso di cookie di sessione (che non sono memorizzati in modo persistente sul computer dell\u2019utente e si cancellano con la chiusura del browser) \u00e8 strettamente limitato alla trasmissione d\u2019identificativi di sessione necessari per consentire l\u2019esplorazione sicura ed efficiente del sito.<\/p>\n<p class=\"p1\">I cookie di sessione utilizzati in questo sito garantiscono la riservatezza della navigazione e non consentono l\u2019acquisizione di dati personali identificativi dell\u2019utente.<\/p>\n<p class=\"p1\">Il sito utilizza inoltre cookie persistenti, cio\u00e8 cookie che rimangono memorizzati sul disco rigido del computer fino alla loro scadenza o cancellazione da parte degli utenti\/visitatori. Tramite i cookie persistenti i visitatori che accedono al sito vengono automaticamente riconosciuti ad ogni visita. I visitatori possono impostare il browser del computer in modo tale che accetti\/rifiuti tutti i cookie o visualizzi un avviso ogni qual volta viene proposto un cookie, per poter valutare se accettarlo o meno. L\u2019utente pu\u00f2, comunque, modificare la configurazione predefinita e disabilitare i cookie (cio\u00e8 bloccarli in via definitiva), impostando il livello di protezione pi\u00f9 elevato.<\/p>\n<h3 class=\"p2\"><span class=\"s1\"><strong>COOKIES POLICY<\/strong><\/span><\/h3>\n<p class=\"p1\">Nessun dato personale degli utenti viene acquisito dal sito. Non viene fatto uso di cookies per la trasmissione di informazioni di carattere personale, n\u00e9 vengono utilizzati cookies\u00a0 o sistemi per il tracciamento o la profilazione degli utenti.<\/p>\n<p class=\"p3\">L\u2019uso di cookies di sessione (che non vengono memorizzati in modo persistente sul computer dell\u2019utente e si eliminano con la chiusura del browser) \u00e8 strettamente limitato alla trasmissione di identificativi di sessione (costituiti da numeri casuali generati dal server) necessari per consentire l\u2019esplorazione sicura ed efficiente del sito.<\/p>\n<p class=\"p3\">Vengono utilizzati cookies di sessione per Google Analytics, informazioni che aiutano i proprietari di siti web a capire come i visitatori interagiscono con i contenuti di loro propriet\u00e0.<\/p>\n<p class=\"p3\">I cookies di sessione utilizzati in questo sito evitano il ricorso ad altre tecniche informatiche potenzialmente pregiudizievoli per la riservatezza della navigazione degli utenti e non consentono l\u2019acquisizione di dati personali identificativi dell\u2019utente.<\/p>\n<p class=\"p1\">Il sito utilizza c.d. social plug-in. I Social Plug-in sono speciali strumenti che permettono di incorporare le funzionalit\u00e0 del Social Network direttamente all\u2019interno del sito Web (ad es. la funzione\/tasto \u201cmi piace\u201d di su Facebook).<\/p>\n<p class=\"p1\">Tutti i social plug-in presenti nel sito sono contrassegnati dal rispettivo logo riferito alla piattaforma di social network . Quando si visita una pagina del nostro sito e s\u2019interagisce con il plug-in (ad es. cliccando il pulsante \u201cMi piace\u201d) o si decide di lasciare un commento, le corrispondenti informazioni sono trasmesse dal browser direttamente alla piattaforma di social network (in questo caso Facebook) e da questo memorizzate.<br \/>\nPer informazioni sulle finalit\u00e0, il tipo e le modalit\u00e0 di raccolta, elaborazione, utilizzo e conservazione dei dati personali da parte della piattaforma di social network, nonch\u00e9 per le modalit\u00e0 attraverso cui esercitare i propri diritti, si prega di consultare la relativa privacy policy.<\/p>\n<p class=\"p1\">Se si desidera limitare o bloccare i cookie, ci\u00f2 pu\u00f2 essere effettuato modificando le impostazioni del proprio browser Internet. \u00c8 possibile visitare il sito, in lingua inglese,<a href=\"http:\/\/www.aboutcookies.org\/\" target=\"_blank\" rel=\"noopener noreferrer\">www.aboutcookies.org<\/a>\u00a0per informazioni su come poter gestire\/eliminare i cookie in base al tipo di browser utilizzato. Per eliminare i cookie dal browser Internet del proprio smartphone, \u00e8 necessario fare riferimento al manuale d\u2019uso del dispositivo.<\/p>\n<p>[\/vc_column_text][\/vc_column][\/vc_row]<\/p>\n<\/div>","protected":false},"excerpt":{"rendered":"<p>[vc_row][vc_column][vc_column_text] Utilizzo cookies tecnici I cookie sono informazioni inviate da un web server (es. il sito) al browser Internet dell\u2019utente, da quest\u2019ultimo memorizzati automaticamente sul computer e rinviati automaticamente al server a ogni successivo accesso al sito.\u00a0 Quasi tutti i browser\u00a0 sono impostati per accettare [&hellip;]<\/p>\n","protected":false},"author":7,"featured_media":0,"parent":0,"menu_order":0,"comment_status":"closed","ping_status":"closed","template":"","meta":{"footnotes":""},"class_list":["post-4832","page","type-page","status-publish","hentry"],"yoast_head":"<!-- This site is optimized with the Yoast SEO plugin v27.5 - https:\/\/yoast.com\/product\/yoast-seo-wordpress\/ -->\n<title>Privacy e Cookies - Uvet Viaggi<\/title>\n<meta name=\"robots\" content=\"index, follow, max-snippet:-1, max-image-preview:large, max-video-preview:-1\" \/>\n<link rel=\"canonical\" href=\"https:\/\/uvetviaggi.com\/index.php\/privacy-e-cookies\/\" \/>\n<meta property=\"og:locale\" content=\"it_IT\" \/>\n<meta property=\"og:type\" content=\"article\" \/>\n<meta property=\"og:title\" content=\"Privacy e Cookies - Uvet Viaggi\" \/>\n<meta property=\"og:description\" content=\"[vc_row][vc_column][vc_column_text] Utilizzo cookies tecnici I cookie sono informazioni inviate da un web server (es. il sito) al browser Internet dell\u2019utente, da quest\u2019ultimo memorizzati automaticamente sul computer e rinviati automaticamente al server a ogni successivo accesso al sito.\u00a0 Quasi tutti i browser\u00a0 sono impostati per accettare [&hellip;]\" \/>\n<meta property=\"og:url\" content=\"https:\/\/uvetviaggi.com\/index.php\/privacy-e-cookies\/\" \/>\n<meta property=\"og:site_name\" content=\"Uvet Viaggi\" \/>\n<meta property=\"article:modified_time\" content=\"2022-02-14T11:50:24+00:00\" \/>\n<meta name=\"twitter:card\" content=\"summary_large_image\" \/>\n<meta name=\"twitter:label1\" content=\"Tempo di lettura stimato\" \/>\n\t<meta name=\"twitter:data1\" content=\"3 minuti\" \/>\n<script type=\"application\/ld+json\" class=\"yoast-schema-graph\">{\"@context\":\"https:\\\/\\\/schema.org\",\"@graph\":[{\"@type\":\"WebPage\",\"@id\":\"https:\\\/\\\/uvetviaggi.com\\\/index.php\\\/privacy-e-cookies\\\/\",\"url\":\"https:\\\/\\\/uvetviaggi.com\\\/index.php\\\/privacy-e-cookies\\\/\",\"name\":\"Privacy e Cookies - Uvet Viaggi\",\"isPartOf\":{\"@id\":\"https:\\\/\\\/uvetviaggi.com\\\/#website\"},\"datePublished\":\"2017-05-18T08:10:49+00:00\",\"dateModified\":\"2022-02-14T11:50:24+00:00\",\"breadcrumb\":{\"@id\":\"https:\\\/\\\/uvetviaggi.com\\\/index.php\\\/privacy-e-cookies\\\/#breadcrumb\"},\"inLanguage\":\"it-IT\",\"potentialAction\":[{\"@type\":\"ReadAction\",\"target\":[\"https:\\\/\\\/uvetviaggi.com\\\/index.php\\\/privacy-e-cookies\\\/\"]}]},{\"@type\":\"BreadcrumbList\",\"@id\":\"https:\\\/\\\/uvetviaggi.com\\\/index.php\\\/privacy-e-cookies\\\/#breadcrumb\",\"itemListElement\":[{\"@type\":\"ListItem\",\"position\":1,\"name\":\"Home\",\"item\":\"https:\\\/\\\/uvetviaggi.com\\\/\"},{\"@type\":\"ListItem\",\"position\":2,\"name\":\"Privacy e Cookies\"}]},{\"@type\":\"WebSite\",\"@id\":\"https:\\\/\\\/uvetviaggi.com\\\/#website\",\"url\":\"https:\\\/\\\/uvetviaggi.com\\\/\",\"name\":\"Uvet Viaggi\",\"description\":\"Agenzie di viaggio del Gruppo Uvet\",\"potentialAction\":[{\"@type\":\"SearchAction\",\"target\":{\"@type\":\"EntryPoint\",\"urlTemplate\":\"https:\\\/\\\/uvetviaggi.com\\\/?s={search_term_string}\"},\"query-input\":{\"@type\":\"PropertyValueSpecification\",\"valueRequired\":true,\"valueName\":\"search_term_string\"}}],\"inLanguage\":\"it-IT\"}]}<\/script>\n<!-- \/ Yoast SEO plugin. -->","yoast_head_json":{"title":"Privacy e Cookies - Uvet Viaggi","robots":{"index":"index","follow":"follow","max-snippet":"max-snippet:-1","max-image-preview":"max-image-preview:large","max-video-preview":"max-video-preview:-1"},"canonical":"https:\/\/uvetviaggi.com\/index.php\/privacy-e-cookies\/","og_locale":"it_IT","og_type":"article","og_title":"Privacy e Cookies - Uvet Viaggi","og_description":"[vc_row][vc_column][vc_column_text] Utilizzo cookies tecnici I cookie sono informazioni inviate da un web server (es. il sito) al browser Internet dell\u2019utente, da quest\u2019ultimo memorizzati automaticamente sul computer e rinviati automaticamente al server a ogni successivo accesso al sito.\u00a0 Quasi tutti i browser\u00a0 sono impostati per accettare [&hellip;]","og_url":"https:\/\/uvetviaggi.com\/index.php\/privacy-e-cookies\/","og_site_name":"Uvet Viaggi","article_modified_time":"2022-02-14T11:50:24+00:00","twitter_card":"summary_large_image","twitter_misc":{"Tempo di lettura stimato":"3 minuti"},"schema":{"@context":"https:\/\/schema.org","@graph":[{"@type":"WebPage","@id":"https:\/\/uvetviaggi.com\/index.php\/privacy-e-cookies\/","url":"https:\/\/uvetviaggi.com\/index.php\/privacy-e-cookies\/","name":"Privacy e Cookies - Uvet Viaggi","isPartOf":{"@id":"https:\/\/uvetviaggi.com\/#website"},"datePublished":"2017-05-18T08:10:49+00:00","dateModified":"2022-02-14T11:50:24+00:00","breadcrumb":{"@id":"https:\/\/uvetviaggi.com\/index.php\/privacy-e-cookies\/#breadcrumb"},"inLanguage":"it-IT","potentialAction":[{"@type":"ReadAction","target":["https:\/\/uvetviaggi.com\/index.php\/privacy-e-cookies\/"]}]},{"@type":"BreadcrumbList","@id":"https:\/\/uvetviaggi.com\/index.php\/privacy-e-cookies\/#breadcrumb","itemListElement":[{"@type":"ListItem","position":1,"name":"Home","item":"https:\/\/uvetviaggi.com\/"},{"@type":"ListItem","position":2,"name":"Privacy e Cookies"}]},{"@type":"WebSite","@id":"https:\/\/uvetviaggi.com\/#website","url":"https:\/\/uvetviaggi.com\/","name":"Uvet Viaggi","description":"Agenzie di viaggio del Gruppo Uvet","potentialAction":[{"@type":"SearchAction","target":{"@type":"EntryPoint","urlTemplate":"https:\/\/uvetviaggi.com\/?s={search_term_string}"},"query-input":{"@type":"PropertyValueSpecification","valueRequired":true,"valueName":"search_term_string"}}],"inLanguage":"it-IT"}]}},"_links":{"self":[{"href":"https:\/\/uvetviaggi.com\/index.php\/wp-json\/wp\/v2\/pages\/4832","targetHints":{"allow":["GET"]}}],"collection":[{"href":"https:\/\/uvetviaggi.com\/index.php\/wp-json\/wp\/v2\/pages"}],"about":[{"href":"https:\/\/uvetviaggi.com\/index.php\/wp-json\/wp\/v2\/types\/page"}],"author":[{"embeddable":true,"href":"https:\/\/uvetviaggi.com\/index.php\/wp-json\/wp\/v2\/users\/7"}],"replies":[{"embeddable":true,"href":"https:\/\/uvetviaggi.com\/index.php\/wp-json\/wp\/v2\/comments?post=4832"}],"version-history":[{"count":0,"href":"https:\/\/uvetviaggi.com\/index.php\/wp-json\/wp\/v2\/pages\/4832\/revisions"}],"wp:attachment":[{"href":"https:\/\/uvetviaggi.com\/index.php\/wp-json\/wp\/v2\/media?parent=4832"}],"curies":[{"name":"wp","href":"https:\/\/api.w.org\/{rel}","templated":true}]}}