{"id":4830,"date":"2017-05-18T10:09:04","date_gmt":"2017-05-18T08:09:04","guid":{"rendered":"http:\/\/www.uvetviaggi.com\/?page_id=4830"},"modified":"2017-05-18T11:13:51","modified_gmt":"2017-05-18T09:13:51","slug":"informativa-privacy-d-lgs-1962003-art-13","status":"publish","type":"page","link":"https:\/\/uvetviaggi.com\/index.php\/informativa-privacy-d-lgs-1962003-art-13\/","title":{"rendered":"Informativa Privacy \u2013 D. Lgs. 196\/2003 art. 13"},"content":{"rendered":"<div class=\"wpb-content-wrapper\"><p>[vc_row][vc_column][vc_column_text]<\/p>\n<p class=\"p1\">Uvet Viaggi Turismo S.p.A., proprietaria del presente sito e titolare del trattamento, conformemente alle disposizioni di cui all\u2019art. 13 del D.lgs. 196\/2003 (Codice Privacy), desidera fornire alcune informazioni circa il trattamento dei dati da Lei comunicati per la compilazione del modulo di richiesta informazioni.<\/p>\n<p class=\"p2\">I dati personali raccolti con il modulo di richiesta informazioni potrebbero essere trattati al fine dell\u2019invio automatizzato della newsletter istituzionale o di informazioni di varia natura, nonch\u00e8 per scopi di marketing, in relazione ai contenuti del presente sito e delle attivit\u00e0 delle societ\u00e0 del Gruppo Uvet.<\/p>\n<p class=\"p2\">I dati personali sono trattati con modalit\u00e0 atte a garantirne la salvaguardia; in particolare i dati sono trattati mediante strumenti elettronici nonch\u00e9 con l\u2019ausilio di strumenti manuali o cartacei, nel rispetto delle misure minime di sicurezza atte a garantire la riservatezza del soggetto cui i dati personali si riferiscono e a evitare il rischio di accesso ai medesimi dati da parte di soggetti terzi non autorizzati. E\u2019 esclusa ogni ipotesi di diffusione dei dati che non sia imposta da norme di legge o che non sia espressamente autorizzata dall\u2019interessato.<\/p>\n<p class=\"p2\">Il conferimento dei suoi dati personali \u00e8 facoltativo, tuttavia in mancanza non sar\u00e0 possibile erogare il servizio di invio di informazioni o della newsletter.<\/p>\n<p class=\"p2\">Titolare del trattamento \u00e8\u00a0\u00a0Uvet Viaggi Turismo S.p.A. con sede in Milano, Bastioni di Porta Volta 10.<\/p>\n<p class=\"p2\">In qualsiasi momento lei ha il diritto di esercitare i diritti di cui all\u2019art. 7 del Codice, tra cui quello di ottenere conferma dell\u2019esistenza o meno dei propri dati personali, di conoscerne il contenuto e l\u2019origine, di verificarne l\u2019esattezza o chiederne l\u2019integrazione o l\u2019aggiornamento, oppure la rettificazione, nonch\u00e9 il diritto di chiedere la cancellazione, la trasformazione in forma anonima o il blocco dei dati trattati in violazione delle disposizioni di cui al Codice in materia di protezione dei dati personali e di opporsi in ogni caso, per motivi legittimi, al loro trattamento.<\/p>\n<p>[\/vc_column_text][\/vc_column][\/vc_row]<\/p>\n<\/div>","protected":false},"excerpt":{"rendered":"<p>[vc_row][vc_column][vc_column_text] Uvet Viaggi Turismo S.p.A., proprietaria del presente sito e titolare del trattamento, conformemente alle disposizioni di cui all\u2019art. 13 del D.lgs. 196\/2003 (Codice Privacy), desidera fornire alcune informazioni circa il trattamento dei dati da Lei comunicati per la compilazione del modulo di richiesta informazioni. [&hellip;]<\/p>\n","protected":false},"author":7,"featured_media":0,"parent":0,"menu_order":0,"comment_status":"closed","ping_status":"closed","template":"","meta":{"footnotes":""},"class_list":["post-4830","page","type-page","status-publish","hentry"],"yoast_head":"<!-- This site is optimized with the Yoast SEO plugin v27.4 - https:\/\/yoast.com\/product\/yoast-seo-wordpress\/ -->\n<title>Informativa Privacy \u2013 D. Lgs. 196\/2003 art. 13 - Uvet Viaggi<\/title>\n<meta name=\"robots\" content=\"index, follow, max-snippet:-1, max-image-preview:large, max-video-preview:-1\" \/>\n<link rel=\"canonical\" href=\"https:\/\/uvetviaggi.com\/index.php\/informativa-privacy-d-lgs-1962003-art-13\/\" \/>\n<meta property=\"og:locale\" content=\"it_IT\" \/>\n<meta property=\"og:type\" content=\"article\" \/>\n<meta property=\"og:title\" content=\"Informativa Privacy \u2013 D. Lgs. 196\/2003 art. 13 - Uvet Viaggi\" \/>\n<meta property=\"og:description\" content=\"[vc_row][vc_column][vc_column_text] Uvet Viaggi Turismo S.p.A., proprietaria del presente sito e titolare del trattamento, conformemente alle disposizioni di cui all\u2019art. 13 del D.lgs. 196\/2003 (Codice Privacy), desidera fornire alcune informazioni circa il trattamento dei dati da Lei comunicati per la compilazione del modulo di richiesta informazioni. [&hellip;]\" \/>\n<meta property=\"og:url\" content=\"https:\/\/uvetviaggi.com\/index.php\/informativa-privacy-d-lgs-1962003-art-13\/\" \/>\n<meta property=\"og:site_name\" content=\"Uvet Viaggi\" \/>\n<meta property=\"article:modified_time\" content=\"2017-05-18T09:13:51+00:00\" \/>\n<meta name=\"twitter:card\" content=\"summary_large_image\" \/>\n<meta name=\"twitter:label1\" content=\"Tempo di lettura stimato\" \/>\n\t<meta name=\"twitter:data1\" content=\"2 minuti\" \/>\n<script type=\"application\/ld+json\" class=\"yoast-schema-graph\">{\"@context\":\"https:\\\/\\\/schema.org\",\"@graph\":[{\"@type\":\"WebPage\",\"@id\":\"https:\\\/\\\/uvetviaggi.com\\\/index.php\\\/informativa-privacy-d-lgs-1962003-art-13\\\/\",\"url\":\"https:\\\/\\\/uvetviaggi.com\\\/index.php\\\/informativa-privacy-d-lgs-1962003-art-13\\\/\",\"name\":\"Informativa Privacy \u2013 D. Lgs. 196\\\/2003 art. 13 - Uvet Viaggi\",\"isPartOf\":{\"@id\":\"https:\\\/\\\/uvetviaggi.com\\\/#website\"},\"datePublished\":\"2017-05-18T08:09:04+00:00\",\"dateModified\":\"2017-05-18T09:13:51+00:00\",\"breadcrumb\":{\"@id\":\"https:\\\/\\\/uvetviaggi.com\\\/index.php\\\/informativa-privacy-d-lgs-1962003-art-13\\\/#breadcrumb\"},\"inLanguage\":\"it-IT\",\"potentialAction\":[{\"@type\":\"ReadAction\",\"target\":[\"https:\\\/\\\/uvetviaggi.com\\\/index.php\\\/informativa-privacy-d-lgs-1962003-art-13\\\/\"]}]},{\"@type\":\"BreadcrumbList\",\"@id\":\"https:\\\/\\\/uvetviaggi.com\\\/index.php\\\/informativa-privacy-d-lgs-1962003-art-13\\\/#breadcrumb\",\"itemListElement\":[{\"@type\":\"ListItem\",\"position\":1,\"name\":\"Home\",\"item\":\"https:\\\/\\\/uvetviaggi.com\\\/\"},{\"@type\":\"ListItem\",\"position\":2,\"name\":\"Informativa Privacy \u2013 D. Lgs. 196\\\/2003 art. 13\"}]},{\"@type\":\"WebSite\",\"@id\":\"https:\\\/\\\/uvetviaggi.com\\\/#website\",\"url\":\"https:\\\/\\\/uvetviaggi.com\\\/\",\"name\":\"Uvet Viaggi\",\"description\":\"Agenzie di viaggio del Gruppo Uvet\",\"potentialAction\":[{\"@type\":\"SearchAction\",\"target\":{\"@type\":\"EntryPoint\",\"urlTemplate\":\"https:\\\/\\\/uvetviaggi.com\\\/?s={search_term_string}\"},\"query-input\":{\"@type\":\"PropertyValueSpecification\",\"valueRequired\":true,\"valueName\":\"search_term_string\"}}],\"inLanguage\":\"it-IT\"}]}<\/script>\n<!-- \/ Yoast SEO plugin. -->","yoast_head_json":{"title":"Informativa Privacy \u2013 D. Lgs. 196\/2003 art. 13 - Uvet Viaggi","robots":{"index":"index","follow":"follow","max-snippet":"max-snippet:-1","max-image-preview":"max-image-preview:large","max-video-preview":"max-video-preview:-1"},"canonical":"https:\/\/uvetviaggi.com\/index.php\/informativa-privacy-d-lgs-1962003-art-13\/","og_locale":"it_IT","og_type":"article","og_title":"Informativa Privacy \u2013 D. Lgs. 196\/2003 art. 13 - Uvet Viaggi","og_description":"[vc_row][vc_column][vc_column_text] Uvet Viaggi Turismo S.p.A., proprietaria del presente sito e titolare del trattamento, conformemente alle disposizioni di cui all\u2019art. 13 del D.lgs. 196\/2003 (Codice Privacy), desidera fornire alcune informazioni circa il trattamento dei dati da Lei comunicati per la compilazione del modulo di richiesta informazioni. [&hellip;]","og_url":"https:\/\/uvetviaggi.com\/index.php\/informativa-privacy-d-lgs-1962003-art-13\/","og_site_name":"Uvet Viaggi","article_modified_time":"2017-05-18T09:13:51+00:00","twitter_card":"summary_large_image","twitter_misc":{"Tempo di lettura stimato":"2 minuti"},"schema":{"@context":"https:\/\/schema.org","@graph":[{"@type":"WebPage","@id":"https:\/\/uvetviaggi.com\/index.php\/informativa-privacy-d-lgs-1962003-art-13\/","url":"https:\/\/uvetviaggi.com\/index.php\/informativa-privacy-d-lgs-1962003-art-13\/","name":"Informativa Privacy \u2013 D. Lgs. 196\/2003 art. 13 - Uvet Viaggi","isPartOf":{"@id":"https:\/\/uvetviaggi.com\/#website"},"datePublished":"2017-05-18T08:09:04+00:00","dateModified":"2017-05-18T09:13:51+00:00","breadcrumb":{"@id":"https:\/\/uvetviaggi.com\/index.php\/informativa-privacy-d-lgs-1962003-art-13\/#breadcrumb"},"inLanguage":"it-IT","potentialAction":[{"@type":"ReadAction","target":["https:\/\/uvetviaggi.com\/index.php\/informativa-privacy-d-lgs-1962003-art-13\/"]}]},{"@type":"BreadcrumbList","@id":"https:\/\/uvetviaggi.com\/index.php\/informativa-privacy-d-lgs-1962003-art-13\/#breadcrumb","itemListElement":[{"@type":"ListItem","position":1,"name":"Home","item":"https:\/\/uvetviaggi.com\/"},{"@type":"ListItem","position":2,"name":"Informativa Privacy \u2013 D. Lgs. 196\/2003 art. 13"}]},{"@type":"WebSite","@id":"https:\/\/uvetviaggi.com\/#website","url":"https:\/\/uvetviaggi.com\/","name":"Uvet Viaggi","description":"Agenzie di viaggio del Gruppo Uvet","potentialAction":[{"@type":"SearchAction","target":{"@type":"EntryPoint","urlTemplate":"https:\/\/uvetviaggi.com\/?s={search_term_string}"},"query-input":{"@type":"PropertyValueSpecification","valueRequired":true,"valueName":"search_term_string"}}],"inLanguage":"it-IT"}]}},"_links":{"self":[{"href":"https:\/\/uvetviaggi.com\/index.php\/wp-json\/wp\/v2\/pages\/4830","targetHints":{"allow":["GET"]}}],"collection":[{"href":"https:\/\/uvetviaggi.com\/index.php\/wp-json\/wp\/v2\/pages"}],"about":[{"href":"https:\/\/uvetviaggi.com\/index.php\/wp-json\/wp\/v2\/types\/page"}],"author":[{"embeddable":true,"href":"https:\/\/uvetviaggi.com\/index.php\/wp-json\/wp\/v2\/users\/7"}],"replies":[{"embeddable":true,"href":"https:\/\/uvetviaggi.com\/index.php\/wp-json\/wp\/v2\/comments?post=4830"}],"version-history":[{"count":0,"href":"https:\/\/uvetviaggi.com\/index.php\/wp-json\/wp\/v2\/pages\/4830\/revisions"}],"wp:attachment":[{"href":"https:\/\/uvetviaggi.com\/index.php\/wp-json\/wp\/v2\/media?parent=4830"}],"curies":[{"name":"wp","href":"https:\/\/api.w.org\/{rel}","templated":true}]}}